{"id":3241,"date":"2023-09-12T15:09:38","date_gmt":"2023-09-12T15:09:38","guid":{"rendered":"https:\/\/10media.net\/?page_id=3241"},"modified":"2023-09-12T15:53:17","modified_gmt":"2023-09-12T15:53:17","slug":"mendovoz-2","status":"publish","type":"page","link":"https:\/\/10media.net\/?page_id=3241","title":{"rendered":"Mendovoz"},"content":{"rendered":"\t\t<div data-elementor-type=\"wp-page\" data-elementor-id=\"3241\" class=\"elementor elementor-3241\">\n\t\t\t\t\t\t<section class=\"elementor-section elementor-top-section elementor-element elementor-element-5061718f1 elementor-section-full_width elementor-section-height-default elementor-section-height-default wpr-particle-no wpr-jarallax-no wpr-parallax-no wpr-sticky-section-no\" data-id=\"5061718f1\" data-element_type=\"section\" data-settings=\"{&quot;background_background&quot;:&quot;classic&quot;}\">\n\t\t\t\t\t\t<div class=\"elementor-container elementor-column-gap-no\">\n\t\t\t\t\t<div class=\"elementor-column elementor-col-100 elementor-top-column elementor-element elementor-element-7c1c84bf\" data-id=\"7c1c84bf\" data-element_type=\"column\">\n\t\t\t<div class=\"elementor-widget-wrap elementor-element-populated\">\n\t\t\t\t\t\t<div class=\"elementor-element elementor-element-2c720d22 wpr-adv-slider-columns-1 wpr-adv-slider-columns--tablet1 wpr-adv-slider-columns--mobile1 wpr-adv-slides-to-scroll-1 wpr-slider-dots-horizontal elementor-widget elementor-widget-wpr-advanced-slider\" data-id=\"2c720d22\" data-element_type=\"widget\" data-settings=\"{&quot;slider_amount&quot;:&quot;1&quot;,&quot;slider_amount_tablet&quot;:1,&quot;slider_amount_mobile&quot;:1,&quot;slides_to_scroll&quot;:1}\" data-widget_type=\"wpr-advanced-slider.default\">\n\t\t\t\t<div class=\"elementor-widget-container\">\n\t\t\t\n\t\t<!-- Advanced Slider -->\n\t\t<div class=\"wpr-advanced-slider-wrap\">\n\t\t\t\n\t\t\t<div class=\"wpr-advanced-slider\" dir=\"ltr\" data-slick=\"{&quot;rtl&quot;:false,&quot;speed&quot;:700,&quot;arrows&quot;:true,&quot;dots&quot;:true,&quot;autoplay&quot;:false,&quot;autoplaySpeed&quot;:0,&quot;pauseOnHover&quot;:&quot;&quot;,&quot;prevArrow&quot;:&quot;#wpr-slider-prev-2c720d22&quot;,&quot;nextArrow&quot;:&quot;#wpr-slider-next-2c720d22&quot;,&quot;vertical&quot;:false}\" data-slide-effect=\"slide\">\n\t\t\t\t<div class=\"wpr-slider-item elementor-repeater-item-af2bb90\"><div class=\"wpr-slider-item-bg \" style=\"background-image: url(https:\/\/10media.net\/wp-content\/uploads\/2023\/09\/mendovoz1.png)\"><\/div><div class=\"wpr-cv-container\"><div class=\"wpr-cv-outer\"><div class=\"wpr-cv-inner\"><div class=\"wpr-slider-content\"><div class=\"wpr-slider-btns\"><\/div><\/div><\/div><\/div><\/div><\/div>\t\t\t<\/div>\n\t\t\t<div class=\"wpr-slider-controls\">\n\t\t\t\t<div class=\"wpr-slider-dots\"><\/div>\n\t\t\t<\/div>\n\n\t\t\t<div class=\"wpr-slider-arrow-container\">\n\t\t\t\t<div class=\"wpr-slider-prev-arrow wpr-slider-arrow\" id=\"wpr-slider-prev-2c720d22\">\n\t\t\t\t\t<svg version=\"1.1\" xmlns=\"http:\/\/www.w3.org\/2000\/svg\" xmlns:xlink=\"http:\/\/www.w3.org\/1999\/xlink\" x=\"0px\" y=\"0px\" viewBox=\"0 0 283.4 512\" style=\"enable-background:new 0 0 283.4 512;\" xml:space=\"preserve\"><g><polygon class=\"st0\" points=\"54.5,256.3 283.4,485.1 256.1,512.5 0,256.3 0,256.3 27.2,229 256.1,0 283.4,27.4 \"\/><\/g><\/svg>\t\t\t\t<\/div>\n\t\t\t\t<div class=\"wpr-slider-next-arrow wpr-slider-arrow\" id=\"wpr-slider-next-2c720d22\">\n\t\t\t\t\t<svg version=\"1.1\" xmlns=\"http:\/\/www.w3.org\/2000\/svg\" xmlns:xlink=\"http:\/\/www.w3.org\/1999\/xlink\" x=\"0px\" y=\"0px\" viewBox=\"0 0 283.4 512\" style=\"enable-background:new 0 0 283.4 512;\" xml:space=\"preserve\"><g><polygon class=\"st0\" points=\"54.5,256.3 283.4,485.1 256.1,512.5 0,256.3 0,256.3 27.2,229 256.1,0 283.4,27.4 \"\/><\/g><\/svg>\t\t\t\t<\/div>\n\t\t\t<\/div>\n\t\t\t\n\t\t\t\n\t\t<\/div>\n\t\t\t\t<\/div>\n\t\t\t\t<\/div>\n\t\t\t\t\t<\/div>\n\t\t<\/div>\n\t\t\t\t\t<\/div>\n\t\t<\/section>\n\t\t\t\t<section class=\"elementor-section elementor-top-section elementor-element elementor-element-da11906 elementor-section-boxed elementor-section-height-default elementor-section-height-default wpr-particle-no wpr-jarallax-no wpr-parallax-no wpr-sticky-section-no\" data-id=\"da11906\" data-element_type=\"section\">\n\t\t\t\t\t\t<div class=\"elementor-container elementor-column-gap-default\">\n\t\t\t\t\t<div class=\"elementor-column elementor-col-50 elementor-top-column elementor-element elementor-element-e19d5a9\" data-id=\"e19d5a9\" data-element_type=\"column\">\n\t\t\t<div class=\"elementor-widget-wrap elementor-element-populated\">\n\t\t\t\t\t\t<div class=\"elementor-element elementor-element-5624250 elementor-widget__width-initial elementor-widget elementor-widget-image\" data-id=\"5624250\" data-element_type=\"widget\" data-widget_type=\"image.default\">\n\t\t\t\t<div class=\"elementor-widget-container\">\n\t\t\t<style>\/*! elementor - v3.21.0 - 18-04-2024 *\/\n.elementor-widget-image{text-align:center}.elementor-widget-image a{display:inline-block}.elementor-widget-image a img[src$=\".svg\"]{width:48px}.elementor-widget-image img{vertical-align:middle;display:inline-block}<\/style>\t\t\t\t\t\t\t\t\t\t<img decoding=\"async\" width=\"300\" height=\"136\" src=\"https:\/\/10media.net\/wp-content\/uploads\/2023\/07\/mendovoz.svg\" class=\"attachment-medium size-medium wp-image-2444\" alt=\"\" \/>\t\t\t\t\t\t\t\t\t\t\t\t\t<\/div>\n\t\t\t\t<\/div>\n\t\t\t\t<div class=\"elementor-element elementor-element-d246352 elementor-widget elementor-widget-heading\" data-id=\"d246352\" data-element_type=\"widget\" data-widget_type=\"heading.default\">\n\t\t\t\t<div class=\"elementor-widget-container\">\n\t\t\t<style>\/*! elementor - v3.21.0 - 18-04-2024 *\/\n.elementor-heading-title{padding:0;margin:0;line-height:1}.elementor-widget-heading .elementor-heading-title[class*=elementor-size-]>a{color:inherit;font-size:inherit;line-height:inherit}.elementor-widget-heading .elementor-heading-title.elementor-size-small{font-size:15px}.elementor-widget-heading .elementor-heading-title.elementor-size-medium{font-size:19px}.elementor-widget-heading .elementor-heading-title.elementor-size-large{font-size:29px}.elementor-widget-heading .elementor-heading-title.elementor-size-xl{font-size:39px}.elementor-widget-heading .elementor-heading-title.elementor-size-xxl{font-size:59px}<\/style><h2 class=\"elementor-heading-title elementor-size-default\">Edici\u00f3n Impresa<\/h2>\t\t<\/div>\n\t\t\t\t<\/div>\n\t\t\t\t<div class=\"elementor-element elementor-element-5c12e26 elementor-widget elementor-widget-text-editor\" data-id=\"5c12e26\" data-element_type=\"widget\" data-widget_type=\"text-editor.default\">\n\t\t\t\t<div class=\"elementor-widget-container\">\n\t\t\t<style>\/*! elementor - v3.21.0 - 18-04-2024 *\/\n.elementor-widget-text-editor.elementor-drop-cap-view-stacked .elementor-drop-cap{background-color:#69727d;color:#fff}.elementor-widget-text-editor.elementor-drop-cap-view-framed .elementor-drop-cap{color:#69727d;border:3px solid;background-color:transparent}.elementor-widget-text-editor:not(.elementor-drop-cap-view-default) .elementor-drop-cap{margin-top:8px}.elementor-widget-text-editor:not(.elementor-drop-cap-view-default) .elementor-drop-cap-letter{width:1em;height:1em}.elementor-widget-text-editor .elementor-drop-cap{float:left;text-align:center;line-height:1;font-size:50px}.elementor-widget-text-editor .elementor-drop-cap-letter{display:inline-block}<\/style>\t\t\t\t<p>Con m\u00e1s de 13 a\u00f1os de trayectoria, Mendovoz se consolid\u00f3 como el medio gr\u00e1fico de distribuci\u00f3n gratuita m\u00e1s importante de la provincia. Tanto por su cobertura, cantidad de ejemplares y contenido exclusivo de cada departamento. Desarrollado por nuestro equipo de periodistas y redactores es el \u00fanico peri\u00f3dico con 32 p\u00e1ginas a todo color en formato tabloide.<\/p><p>\u00a0Destinado al vecino, las noticias del quehacer comunal y vecinal est\u00e1n dispuestas en cada edici\u00f3n con notas de gran dinamismo en su lectura. Adem\u00e1s, el entretenimiento y la actividad sociocultural tienen un preponderante espacio informando sobre espect\u00e1culos, tiempo libre y eventos.<\/p>\t\t\t\t\t\t<\/div>\n\t\t\t\t<\/div>\n\t\t\t\t<div class=\"elementor-element elementor-element-eff1c70 elementor-widget elementor-widget-heading\" data-id=\"eff1c70\" data-element_type=\"widget\" data-widget_type=\"heading.default\">\n\t\t\t\t<div class=\"elementor-widget-container\">\n\t\t\t<h2 class=\"elementor-heading-title elementor-size-default\">Circulaci\u00f3n Gratuita<\/h2>\t\t<\/div>\n\t\t\t\t<\/div>\n\t\t\t\t<div class=\"elementor-element elementor-element-4ef0c07 elementor-widget elementor-widget-text-editor\" data-id=\"4ef0c07\" data-element_type=\"widget\" data-widget_type=\"text-editor.default\">\n\t\t\t\t<div class=\"elementor-widget-container\">\n\t\t\t\t\t\t\t<p>\u2022Llega todos los viernes a cientos de puntos fijos\u00a0<\/p><p>\u2022Tapas color de 16 p\u00e1ginas formato tabloide<\/p>\t\t\t\t\t\t<\/div>\n\t\t\t\t<\/div>\n\t\t\t\t\t<\/div>\n\t\t<\/div>\n\t\t\t\t<div class=\"elementor-column elementor-col-50 elementor-top-column elementor-element elementor-element-957ee2d\" data-id=\"957ee2d\" data-element_type=\"column\">\n\t\t\t<div class=\"elementor-widget-wrap elementor-element-populated\">\n\t\t\t\t\t\t<div class=\"elementor-element elementor-element-4817419 elementor-widget__width-initial elementor-widget elementor-widget-image\" data-id=\"4817419\" data-element_type=\"widget\" data-widget_type=\"image.default\">\n\t\t\t\t<div class=\"elementor-widget-container\">\n\t\t\t\t\t\t\t\t\t\t\t\t\t<img fetchpriority=\"high\" decoding=\"async\" width=\"768\" height=\"1147\" src=\"https:\/\/10media.net\/wp-content\/uploads\/2023\/09\/mendovozdig-01-768x1147.png\" class=\"attachment-medium_large size-medium_large wp-image-3243\" alt=\"\" srcset=\"https:\/\/10media.net\/wp-content\/uploads\/2023\/09\/mendovozdig-01-768x1147.png 768w, https:\/\/10media.net\/wp-content\/uploads\/2023\/09\/mendovozdig-01-201x300.png 201w, https:\/\/10media.net\/wp-content\/uploads\/2023\/09\/mendovozdig-01-686x1024.png 686w, https:\/\/10media.net\/wp-content\/uploads\/2023\/09\/mendovozdig-01-1029x1536.png 1029w, https:\/\/10media.net\/wp-content\/uploads\/2023\/09\/mendovozdig-01-1371x2048.png 1371w, https:\/\/10media.net\/wp-content\/uploads\/2023\/09\/mendovozdig-01-600x896.png 600w, https:\/\/10media.net\/wp-content\/uploads\/2023\/09\/mendovozdig-01.png 1486w\" sizes=\"(max-width: 768px) 100vw, 768px\" \/>\t\t\t\t\t\t\t\t\t\t\t\t\t<\/div>\n\t\t\t\t<\/div>\n\t\t\t\t<div class=\"elementor-element elementor-element-c9fe7fd elementor-align-center elementor-widget elementor-widget-button\" data-id=\"c9fe7fd\" data-element_type=\"widget\" data-widget_type=\"button.default\">\n\t\t\t\t<div class=\"elementor-widget-container\">\n\t\t\t\t\t<div class=\"elementor-button-wrapper\">\n\t\t\t<a class=\"elementor-button elementor-button-link elementor-size-sm\" href=\"https:\/\/www.mendovoz.com\/\">\n\t\t\t\t\t\t<span class=\"elementor-button-content-wrapper\">\n\t\t\t\t\t\t\t\t\t<span class=\"elementor-button-text\">Ver edici\u00f3n Impresa<\/span>\n\t\t\t\t\t<\/span>\n\t\t\t\t\t<\/a>\n\t\t<\/div>\n\t\t\t\t<\/div>\n\t\t\t\t<\/div>\n\t\t\t\t\t<\/div>\n\t\t<\/div>\n\t\t\t\t\t<\/div>\n\t\t<\/section>\n\t\t\t\t<section class=\"elementor-section elementor-top-section elementor-element elementor-element-19a378f elementor-section-full_width elementor-section-height-default elementor-section-height-default wpr-particle-no wpr-jarallax-no wpr-parallax-no wpr-sticky-section-no\" data-id=\"19a378f\" data-element_type=\"section\" data-settings=\"{&quot;background_background&quot;:&quot;classic&quot;}\">\n\t\t\t\t\t\t<div class=\"elementor-container elementor-column-gap-no\">\n\t\t\t\t\t<div class=\"elementor-column elementor-col-100 elementor-top-column elementor-element elementor-element-bab4962\" data-id=\"bab4962\" data-element_type=\"column\">\n\t\t\t<div class=\"elementor-widget-wrap elementor-element-populated\">\n\t\t\t\t\t\t<div class=\"elementor-element elementor-element-5aba21f wpr-adv-slider-columns-1 wpr-adv-slider-columns--tablet1 wpr-adv-slider-columns--mobile1 wpr-adv-slides-to-scroll-1 wpr-slider-dots-horizontal elementor-widget elementor-widget-wpr-advanced-slider\" data-id=\"5aba21f\" data-element_type=\"widget\" data-settings=\"{&quot;slider_amount&quot;:&quot;1&quot;,&quot;slider_amount_tablet&quot;:1,&quot;slider_amount_mobile&quot;:1,&quot;slides_to_scroll&quot;:1}\" data-widget_type=\"wpr-advanced-slider.default\">\n\t\t\t\t<div class=\"elementor-widget-container\">\n\t\t\t\n\t\t<!-- Advanced Slider -->\n\t\t<div class=\"wpr-advanced-slider-wrap\">\n\t\t\t\n\t\t\t<div class=\"wpr-advanced-slider\" dir=\"ltr\" data-slick=\"{&quot;rtl&quot;:false,&quot;speed&quot;:700,&quot;arrows&quot;:true,&quot;dots&quot;:true,&quot;autoplay&quot;:false,&quot;autoplaySpeed&quot;:0,&quot;pauseOnHover&quot;:&quot;&quot;,&quot;prevArrow&quot;:&quot;#wpr-slider-prev-5aba21f&quot;,&quot;nextArrow&quot;:&quot;#wpr-slider-next-5aba21f&quot;,&quot;vertical&quot;:false}\" data-slide-effect=\"slide\">\n\t\t\t\t<div class=\"wpr-slider-item elementor-repeater-item-af2bb90\"><div class=\"wpr-slider-item-bg \" style=\"background-image: url(https:\/\/10media.net\/wp-content\/uploads\/2023\/09\/mendovoz2.png)\"><\/div><div class=\"wpr-cv-container\"><div class=\"wpr-cv-outer\"><div class=\"wpr-cv-inner\"><div class=\"wpr-slider-content\"><div class=\"wpr-slider-btns\"><\/div><\/div><\/div><\/div><\/div><\/div>\t\t\t<\/div>\n\t\t\t<div class=\"wpr-slider-controls\">\n\t\t\t\t<div class=\"wpr-slider-dots\"><\/div>\n\t\t\t<\/div>\n\n\t\t\t<div class=\"wpr-slider-arrow-container\">\n\t\t\t\t<div class=\"wpr-slider-prev-arrow wpr-slider-arrow\" id=\"wpr-slider-prev-5aba21f\">\n\t\t\t\t\t<svg version=\"1.1\" xmlns=\"http:\/\/www.w3.org\/2000\/svg\" xmlns:xlink=\"http:\/\/www.w3.org\/1999\/xlink\" x=\"0px\" y=\"0px\" viewBox=\"0 0 283.4 512\" style=\"enable-background:new 0 0 283.4 512;\" xml:space=\"preserve\"><g><polygon class=\"st0\" points=\"54.5,256.3 283.4,485.1 256.1,512.5 0,256.3 0,256.3 27.2,229 256.1,0 283.4,27.4 \"\/><\/g><\/svg>\t\t\t\t<\/div>\n\t\t\t\t<div class=\"wpr-slider-next-arrow wpr-slider-arrow\" id=\"wpr-slider-next-5aba21f\">\n\t\t\t\t\t<svg version=\"1.1\" xmlns=\"http:\/\/www.w3.org\/2000\/svg\" xmlns:xlink=\"http:\/\/www.w3.org\/1999\/xlink\" x=\"0px\" y=\"0px\" viewBox=\"0 0 283.4 512\" style=\"enable-background:new 0 0 283.4 512;\" xml:space=\"preserve\"><g><polygon class=\"st0\" points=\"54.5,256.3 283.4,485.1 256.1,512.5 0,256.3 0,256.3 27.2,229 256.1,0 283.4,27.4 \"\/><\/g><\/svg>\t\t\t\t<\/div>\n\t\t\t<\/div>\n\t\t\t\n\t\t\t\n\t\t<\/div>\n\t\t\t\t<\/div>\n\t\t\t\t<\/div>\n\t\t\t\t\t<\/div>\n\t\t<\/div>\n\t\t\t\t\t<\/div>\n\t\t<\/section>\n\t\t\t\t<section class=\"elementor-section elementor-top-section elementor-element elementor-element-3e9a235 elementor-section-boxed elementor-section-height-default elementor-section-height-default wpr-particle-no wpr-jarallax-no wpr-parallax-no wpr-sticky-section-no\" data-id=\"3e9a235\" data-element_type=\"section\">\n\t\t\t\t\t\t<div class=\"elementor-container elementor-column-gap-default\">\n\t\t\t\t\t<div class=\"elementor-column elementor-col-50 elementor-top-column elementor-element elementor-element-638a023\" data-id=\"638a023\" data-element_type=\"column\">\n\t\t\t<div class=\"elementor-widget-wrap elementor-element-populated\">\n\t\t\t\t\t\t<div class=\"elementor-element elementor-element-e3138d7 elementor-widget__width-initial elementor-widget elementor-widget-image\" data-id=\"e3138d7\" data-element_type=\"widget\" data-widget_type=\"image.default\">\n\t\t\t\t<div class=\"elementor-widget-container\">\n\t\t\t\t\t\t\t\t\t\t\t\t\t<img decoding=\"async\" width=\"300\" height=\"136\" src=\"https:\/\/10media.net\/wp-content\/uploads\/2023\/07\/mendovoz.svg\" class=\"attachment-medium size-medium wp-image-2444\" alt=\"\" \/>\t\t\t\t\t\t\t\t\t\t\t\t\t<\/div>\n\t\t\t\t<\/div>\n\t\t\t\t<div class=\"elementor-element elementor-element-777803e elementor-widget elementor-widget-heading\" data-id=\"777803e\" data-element_type=\"widget\" data-widget_type=\"heading.default\">\n\t\t\t\t<div class=\"elementor-widget-container\">\n\t\t\t<h2 class=\"elementor-heading-title elementor-size-default\">Edici\u00f3n Digital<\/h2>\t\t<\/div>\n\t\t\t\t<\/div>\n\t\t\t\t<div class=\"elementor-element elementor-element-a206e46 elementor-widget elementor-widget-text-editor\" data-id=\"a206e46\" data-element_type=\"widget\" data-widget_type=\"text-editor.default\">\n\t\t\t\t<div class=\"elementor-widget-container\">\n\t\t\t\t\t\t\t<p>Con m\u00e1s de 10 a\u00f1os de experiencia period\u00edstica, Mendovoz se lanza al \u00e1mbito digital conservando su formato editorial, haciendo hincapi\u00e9 en la informaci\u00f3n departamental de Mendoza con especial enfoque en el que hacer vecinal.<\/p><p>Un sitio de identidad regional, con mayor inmediatez en la informaci\u00f3n, de una lectura clara, moderna y multiplataforma que permite reflejar el d\u00eda a d\u00eda de la comuna y los barrios de los mendocinos, como as\u00ed tambi\u00e9n los principales hechos que son noticia a nivel provincial, nacional e internacional.<\/p><p>MendoVoz.com atraviesa un camino de crecimiento y reconocimiento constante con una comunidad virtual que no para de crecer y que lo elige como medio de informaci\u00f3n diaria.<\/p>\t\t\t\t\t\t<\/div>\n\t\t\t\t<\/div>\n\t\t\t\t\t<\/div>\n\t\t<\/div>\n\t\t\t\t<div class=\"elementor-column elementor-col-50 elementor-top-column elementor-element elementor-element-017710c\" data-id=\"017710c\" data-element_type=\"column\">\n\t\t\t<div class=\"elementor-widget-wrap elementor-element-populated\">\n\t\t\t\t\t\t<div class=\"elementor-element elementor-element-a3c6b48 elementor-widget__width-initial elementor-widget elementor-widget-image\" data-id=\"a3c6b48\" data-element_type=\"widget\" data-widget_type=\"image.default\">\n\t\t\t\t<div class=\"elementor-widget-container\">\n\t\t\t\t\t\t\t\t\t\t\t\t\t<img decoding=\"async\" width=\"2048\" height=\"1949\" src=\"https:\/\/10media.net\/wp-content\/uploads\/2023\/09\/mendovoz342-2048x1949.png\" class=\"attachment-2048x2048 size-2048x2048 wp-image-3271\" alt=\"\" srcset=\"https:\/\/10media.net\/wp-content\/uploads\/2023\/09\/mendovoz342-2048x1949.png 2048w, https:\/\/10media.net\/wp-content\/uploads\/2023\/09\/mendovoz342-300x285.png 300w, https:\/\/10media.net\/wp-content\/uploads\/2023\/09\/mendovoz342-1024x974.png 1024w, https:\/\/10media.net\/wp-content\/uploads\/2023\/09\/mendovoz342-768x731.png 768w, https:\/\/10media.net\/wp-content\/uploads\/2023\/09\/mendovoz342-1536x1462.png 1536w, https:\/\/10media.net\/wp-content\/uploads\/2023\/09\/mendovoz342-600x571.png 600w\" sizes=\"(max-width: 2048px) 100vw, 2048px\" \/>\t\t\t\t\t\t\t\t\t\t\t\t\t<\/div>\n\t\t\t\t<\/div>\n\t\t\t\t<div class=\"elementor-element elementor-element-d2f6a2e elementor-align-center elementor-widget elementor-widget-button\" data-id=\"d2f6a2e\" data-element_type=\"widget\" data-widget_type=\"button.default\">\n\t\t\t\t<div class=\"elementor-widget-container\">\n\t\t\t\t\t<div class=\"elementor-button-wrapper\">\n\t\t\t<a class=\"elementor-button elementor-button-link elementor-size-sm\" href=\"https:\/\/www.mendovoz.com\/\">\n\t\t\t\t\t\t<span class=\"elementor-button-content-wrapper\">\n\t\t\t\t\t\t\t\t\t<span class=\"elementor-button-text\">Ir al sitio<\/span>\n\t\t\t\t\t<\/span>\n\t\t\t\t\t<\/a>\n\t\t<\/div>\n\t\t\t\t<\/div>\n\t\t\t\t<\/div>\n\t\t\t\t\t<\/div>\n\t\t<\/div>\n\t\t\t\t\t<\/div>\n\t\t<\/section>\n\t\t\t\t<\/div>\n\t\t","protected":false},"excerpt":{"rendered":"<p>Edici\u00f3n Impresa Con m\u00e1s de 13 a\u00f1os de trayectoria, Mendovoz se consolid\u00f3 como el medio gr\u00e1fico de distribuci\u00f3n gratuita m\u00e1s importante de la provincia. Tanto por su cobertura, cantidad de ejemplares y contenido exclusivo de cada departamento. Desarrollado por nuestro equipo de periodistas y redactores es el \u00fanico peri\u00f3dico con 32 p\u00e1ginas a todo color &hellip;<\/p>\n<p class=\"read-more\"> <a class=\"\" href=\"https:\/\/10media.net\/?page_id=3241\"> <span class=\"screen-reader-text\">Mendovoz<\/span> Read More &raquo;<\/a><\/p>\n","protected":false},"author":1,"featured_media":0,"parent":0,"menu_order":0,"comment_status":"closed","ping_status":"closed","template":"","meta":{"site-sidebar-layout":"no-sidebar","site-content-layout":"page-builder","ast-global-header-display":"","ast-main-header-display":"","ast-hfb-above-header-display":"","ast-hfb-below-header-display":"","ast-hfb-mobile-header-display":"","site-post-title":"disabled","ast-breadcrumbs-content":"","ast-featured-img":"disabled","footer-sml-layout":"","theme-transparent-header-meta":"enabled","adv-header-id-meta":"","stick-header-meta":"","header-above-stick-meta":"","header-main-stick-meta":"","header-below-stick-meta":"","footnotes":""},"class_list":["post-3241","page","type-page","status-publish","hentry"],"aioseo_notices":[],"_links":{"self":[{"href":"https:\/\/10media.net\/index.php?rest_route=\/wp\/v2\/pages\/3241","targetHints":{"allow":["GET"]}}],"collection":[{"href":"https:\/\/10media.net\/index.php?rest_route=\/wp\/v2\/pages"}],"about":[{"href":"https:\/\/10media.net\/index.php?rest_route=\/wp\/v2\/types\/page"}],"author":[{"embeddable":true,"href":"https:\/\/10media.net\/index.php?rest_route=\/wp\/v2\/users\/1"}],"replies":[{"embeddable":true,"href":"https:\/\/10media.net\/index.php?rest_route=%2Fwp%2Fv2%2Fcomments&post=3241"}],"version-history":[{"count":28,"href":"https:\/\/10media.net\/index.php?rest_route=\/wp\/v2\/pages\/3241\/revisions"}],"predecessor-version":[{"id":3274,"href":"https:\/\/10media.net\/index.php?rest_route=\/wp\/v2\/pages\/3241\/revisions\/3274"}],"wp:attachment":[{"href":"https:\/\/10media.net\/index.php?rest_route=%2Fwp%2Fv2%2Fmedia&parent=3241"}],"curies":[{"name":"wp","href":"https:\/\/api.w.org\/{rel}","templated":true}]}}